{"id":9390,"date":"2025-10-30T14:55:29","date_gmt":"2025-10-30T13:55:29","guid":{"rendered":"http:\/\/smdata-lab.ddns.net\/web\/?page_id=9390"},"modified":"2026-01-20T09:54:15","modified_gmt":"2026-01-20T08:54:15","slug":"sistemista-informatica-libera-sistemi-it-linux-soho-per-privati-aziende-pubblico-terzo-settore","status":"publish","type":"page","link":"http:\/\/smdata-lab.ddns.net\/web\/index.php\/sistemista-informatica-libera-sistemi-it-linux-soho-per-privati-aziende-pubblico-terzo-settore\/","title":{"rendered":"Consulente Informatica Libera: Sistemi IT Linux (SOHO) per Privati, Freelancers, Aziende, Pubblico-Terzo Settore"},"content":{"rendered":"\n<p>Durante i lockdowns ho ampliato-convertito le mie competenze digitali pi\u00f9 orientate agli ambiti dell\u2019automazione industriale (robuste architetture OT-Embedded, connettivit\u00e0 Industria 4.0, coordinamento-gestione service) per poter meglio operare anche nel comparto dell\u2019informatica libera &#8220;Open Source&#8221; (sovrana-indipendente, aperta, sostenibile, conveniente, semplice, minimale, frugale, robusta, resiliente, sicura, accessibile, etica, intenzionale, oltre che preservatrice di sicurezza-privacy-confidenzialit\u00e0-anonimato) e delle tecnologie per il Self-hosting, networking SOHO, privacy-enhancing (PETs) per privati, freelancers (nomadismo digitale, smart working, DaD, media-intrattenimento di casa, domotica wireless, IoT, AgeTech), economia di prossimit\u00e0 (commercianti, artigiani, ditte individuali, micro-piccole imprese, startup), pubblico (enti locali), terzo settore (associazioni, cooperative, fondazioni).<\/p>\n\n\n\n<p>La tipologia di consulenze IT (integrazione, amministrazione, assistenza tecnica, formazione) che posso erogare sul territorio nazionale (anche aree montane-rurali) sono basate sul conveniente &#8220;riuso-conversione&#8221; ecosostenibile di vecchi PC Windows (gi\u00e0 di propriet\u00e0 dell&#8217;azienda\/cliente) in moderni server-workstations &#8220;on-premises&#8221; Linux in grado di rafforzare resilienza operativa digitale, sicurezza, privacy, confidenzialit\u00e0 (oltre a concentrazione-intenzionalit\u00e0 cognitiva) durante l\u2019uso dei PC e\/o da adottare anche in caso di eventi complessi-emergenziali (rallentamento-blocco globale delle catene di fornitura), ma soprattutto durante i sempre pi\u00f9 diffusi attacchi informatici, disfunzionalit\u00e0, indisponibilit\u00e0 dei tradizionali sistemi IT proprietari e servizi in cloud (anche causa cambi delle politiche-licenze commerciali e\/o non rispetto del GDPR).<\/p>\n\n\n\n<p>Posso supportare i clienti anche nell&#8217;uso di UPS portatili (mini centraline elettriche a batteria) e networking radio\/wireless (LTE\/FWA\/SAT).<\/p>\n\n\n\n<p><strong><strong><strong><strong><strong>**<em>I progetti-soluzioni-sistemi-tecnologie si basano sui principi \u201cEfficient-Minimalism\u201d &amp; \u201cKISS\u201d (KEEP IT SIMPLE &amp; SECURE)<\/em>**<\/strong><\/strong><\/strong><\/strong><\/strong><\/p>\n","protected":false},"excerpt":{"rendered":"<p>Durante i lockdowns ho ampliato-convertito le mie competenze digitali pi\u00f9 orientate agli ambiti dell\u2019automazione industriale (robuste architetture OT-Embedded, connettivit\u00e0 Industria 4.0, coordinamento-gestione service) per poter meglio operare anche nel comparto dell\u2019informatica libera &#8220;Open Source&#8221; (sovrana-indipendente, aperta, sostenibile, conveniente, semplice, minimale, frugale, robusta, resiliente, sicura, accessibile, etica, intenzionale, oltre che preservatrice di sicurezza-privacy-confidenzialit\u00e0-anonimato) e delle tecnologie &hellip; <\/p>\n<p class=\"link-more\"><a href=\"http:\/\/smdata-lab.ddns.net\/web\/index.php\/sistemista-informatica-libera-sistemi-it-linux-soho-per-privati-aziende-pubblico-terzo-settore\/\" class=\"more-link\">Leggi tutto<span class=\"screen-reader-text\"> &#8220;Consulente Informatica Libera: Sistemi IT Linux (SOHO) per Privati, Freelancers, Aziende, Pubblico-Terzo Settore&#8221;<\/span><\/a><\/p>\n","protected":false},"author":1,"featured_media":0,"parent":0,"menu_order":0,"comment_status":"closed","ping_status":"closed","template":"","meta":{"footnotes":""},"class_list":["post-9390","page","type-page","status-publish","hentry"],"_links":{"self":[{"href":"http:\/\/smdata-lab.ddns.net\/web\/index.php\/wp-json\/wp\/v2\/pages\/9390","targetHints":{"allow":["GET"]}}],"collection":[{"href":"http:\/\/smdata-lab.ddns.net\/web\/index.php\/wp-json\/wp\/v2\/pages"}],"about":[{"href":"http:\/\/smdata-lab.ddns.net\/web\/index.php\/wp-json\/wp\/v2\/types\/page"}],"author":[{"embeddable":true,"href":"http:\/\/smdata-lab.ddns.net\/web\/index.php\/wp-json\/wp\/v2\/users\/1"}],"replies":[{"embeddable":true,"href":"http:\/\/smdata-lab.ddns.net\/web\/index.php\/wp-json\/wp\/v2\/comments?post=9390"}],"version-history":[{"count":13,"href":"http:\/\/smdata-lab.ddns.net\/web\/index.php\/wp-json\/wp\/v2\/pages\/9390\/revisions"}],"predecessor-version":[{"id":10179,"href":"http:\/\/smdata-lab.ddns.net\/web\/index.php\/wp-json\/wp\/v2\/pages\/9390\/revisions\/10179"}],"wp:attachment":[{"href":"http:\/\/smdata-lab.ddns.net\/web\/index.php\/wp-json\/wp\/v2\/media?parent=9390"}],"curies":[{"name":"wp","href":"https:\/\/api.w.org\/{rel}","templated":true}]}}