{"id":11001,"date":"2026-05-05T15:41:53","date_gmt":"2026-05-05T13:41:53","guid":{"rendered":"http:\/\/smdata-lab.ddns.net\/web\/?page_id=11001"},"modified":"2026-05-06T11:43:48","modified_gmt":"2026-05-06T09:43:48","slug":"industria-4-0","status":"publish","type":"page","link":"http:\/\/smdata-lab.ddns.net\/web\/index.php\/industria-4-0\/","title":{"rendered":"Consulenze Tecniche &amp; Gestionali di Natura Intellettuale per Sistemi Industriali Digitali"},"content":{"rendered":"\n<p>(<strong>*solo per imprese dotate di elevati standard HSE\/SSL, visto che la violazione di una norma di prevenzione infortuni, in Italia, costituisce quasi sempre \u201creato\u201d e non illecito amministrativo*<\/strong>)&nbsp;<\/p>\n\n\n\n<p>Questo particolare tipo di collaborazione (<strong>necessito preliminarmente di adeguato addestramento-formazione specifica, affinch\u00e8 i miei skills tecnici\/HSE si allineino alle tecnologie utilizzate ed ai progetti realizzati dalla propriet\u00e0<\/strong>) verr\u00e0 regolamentato con&nbsp;<strong>modalit\u00e0 contrattuale da valutare preliminarmente<\/strong>&nbsp;(purch\u00e8 in linea con la mia seniority) con il supporto del mio commercialista, considerando che opero attualmente in regime forfettario con mia impresa familiare&nbsp;<strong>SMDATA Lab<\/strong>&nbsp;e che esistono specifici vincoli-limiti relativi ai codici ATECO da me esercitabili.&nbsp;<\/p>\n\n\n\n<p>Perch\u00e8 ad oggi svolgo principalmente attivit\u00e0 di consulenza aziendale gestionale erogando se necessario anche servizi IT (sistemistici e di elaborazione dati non contabili) e di back-office remoto (assistenza amministrativa, espletamento pratiche d&#8217;ufficio, etc.), pertanto il mio ingaggio va pianificato-gestito-inquadrato correttamente per evitare reciproce riprese-sanzioni fiscali\/previdenziali&nbsp;a distanza di anni.<\/p>\n\n\n\n<p>Rimango pertanto aperto ad incarichi consulenziali (tecnici e gestionali) professionali (<strong>fuori casa max 10 giorni frazionati o continuativi al mese, per un max di 120 giorni anno<\/strong>&nbsp;<strong>in trasferta<\/strong>) al momento di sola natura intellettuale (<strong>**comunque vigilata dal preposto della propriet\u00e0 \u2013 durante l\u2019incarico necessito ricevere qualifica PES\/PAV\/PEI, oltre a fornitura DPI specifici e relativa formazione all\u2019uso**<\/strong>) per l&#8217;esecuzione d&#8217;interventi di collaudo-misura (FAT), modifica-integrazione, messa in servizio (SAT), ricerca guasti, manutenzione (MRO-LTSA-STO) e ammodernamento su quadristica elettrica (BT) di comando-controllo, architetture OT-Embedded, elettronica di potenza e bordo macchina per applicazioni basate sull&#8217;uso di azionamenti, motori elettrici (BT) ed attuatori elettro-meccanici, elettro-pneumatici, elettro-oleodinamici.<\/p>\n\n\n\n<p>Operazioni su commessa (project-based) in campo-cantiere (field service) di cablaggio (potenza azionamenti-motori, reti digitali e segnali su morsettiere-connettori rapidi nei quadri elettrici di comando-controllo-bordo macchina), pre-commissioning (registrazioni organi di trasmissione\/sensoristica, verifiche cablaggi), commissioning, start-up, test run, completion, handover, training (uso, manutenzione, ricerca guasti) per equipaggiamenti meccanici rotanti, macchinari leggeri-pesanti, linee automatiche di produzione (movimentazione, lavorazione, assemblaggio, stoccaggio) e in minor misura processo termico.<\/p>\n\n\n\n<p><strong>Competenza-esperienza tecnica (field-service) specifica su:<\/strong><\/p>\n\n\n\n<ul class=\"wp-block-list\">\n<li>architetture OT-Embedded, oltre ad IIoT-Edge-Cloud per Industria 4.0 (e relativa cybersecurity)<\/li>\n\n\n\n<li>elettromeccanismi-servomeccanismi<\/li>\n\n\n\n<li>azionamenti e motori elettrici (anche passo-passo e brushless) per il controllo del moto (posizionatori, inseguitori, camme elettroniche varie) di parti in movimento dei macchinari di produzione e processo<\/li>\n\n\n\n<li>azionamenti e motori elettrici per pilotare macchine rotanti (pompe, compressori, ventilatori, soffianti, mulini frantumazione-macinazione, coclee, miscelatori, nastri trasportatori) di processo (chimico-termico)<\/li>\n\n\n\n<li>motori elettrici per pilotare macchine rotanti (pompe) di centrali oleodinamiche<\/li>\n\n\n\n<li>attuatori (anche proporzionali e servo)<\/li>\n<\/ul>\n\n\n\n<p>Sono inoltre aperto (anche) lato interventi consulenzial (tecnici e gestionali) in campo (<strong>fuori casa max 10 giorni frazionati o continuativi al mese, per un max di 120 giorni anno<\/strong>&nbsp;<strong>in trasferta<\/strong>) per le &#8220;emergenti&#8221; architetture informatiche industriali (OT-Embedded, oltre ad IIoT-Edge-Cloud per Industria 4.0 e relativa cybersecurity) dei sistemi digitali &#8220;software-intensive&#8221; di supervisione, automazione e controllo (SCADA\/IACS\/ICS) delle applicazioni (motion-control elettromeccaniche, meccatroniche) basate su azionamenti, motori elettrici (BT) ed attuatori elettro-meccanici, elettro-pneumatici, elettro-oleodinamici (elettromeccanismi e servomeccanismi).<\/p>\n\n\n\n<p>Aperto ad incarichi consulenziali tecnici (e gestionali) al momento di sola &#8220;natura intellettuale&#8221; per le seguenti operazioni di field service lato sistemi industriali:<\/p>\n\n\n\n<p>a) configurazione, taratura, misure elettriche (con oscilloscopio a 2 canali isolati), ricerche guasti lato azionamenti elettrici digitali, schede per l&#8217;elettronica di potenza, trasduttori rotanti<br>b) configurazione, integrazione, ricerca guasti dei PLC\/HMI &#8211; backup\/aggiornamenti\/ripristino del software &#8211; diagnostica e modifiche in campo dei programmi in linguaggio Ladder IEC 61131-3<br>c) verifiche collegamenti di rete (seriale-Ethernet-Fieldbus), taratura dei sensori, configurazione I\/O<br>d) impostazioni di soglie eventi e allarmi su HMI\/SCADA<br>e) configurazione, integrazione, ricerca guasti, amministrazione (backup\/aggiornamenti\/ripristino del software, gestione delle patch-firmware su EPROM, clonazione degli hard-disks) dei seguenti dispositivi appartenenti alla &#8220;Purdue Enterprise Reference Architecture&#8221;:<\/p>\n\n\n\n<ul class=\"wp-block-list\">\n<li>PC (workstation-server) degli operatori e manutentori (piattaforma MS-DOS\/Windows\/Linux)<\/li>\n\n\n\n<li>PC industriali (piattaforma MS-DOS\/Windows\/Linux)<\/li>\n\n\n\n<li>schede e moduli elettronici customizzati (firmware)<\/li>\n\n\n\n<li>sistemi e racks VMEbus (piattaforma basata su microprocessore 680xx e sistema operativo Unix-like OS\/9)<\/li>\n\n\n\n<li>dispositivi di rete (seriale-Ethernet-Fieldbus)<\/li>\n\n\n\n<li>DAQ\/DAS, moduli I\/O<\/li>\n\n\n\n<li>periferiche e dispositivi informatici (KVM)<\/li>\n\n\n\n<li>dispositivi di telemetria (anche IIoT-Edge-Cloud) e assistenza remota (per monitoraggio, diagnostica, servizi di manutenzione predittiva)<\/li>\n<\/ul>\n\n\n\n<p>Essendo privo delle necessarie competenze-esperienze-idoneit\u00e0 al momento non eseguo-supervisiono (ma potr\u00f2 farlo in futuro, dietro apprendimento-pratica-esperienza) interventi di cablaggio elettrico (<strong>**a meno che non si tratti di intervenire solo lato morsettiere e connettori rapidi nei quadri elettrici di controllo-bordo macchina, no lavori su canaline-carpenterie con frese-trapani e cablaggi potenza**<\/strong>), montaggi-smontaggi (<strong>**a meno che non si tratti di installazioni leggere e di precisione di componentistica elettromeccanica-meccatronica, che prevedano solo l\u2019uso di chiavi inglesi, a brugola e cacciaviti di piccola taglia**<\/strong>), aggiustaggi meccanici (non ho abilitazione uso muletto, gru, carri ponte, PEL) o che invalidano direttiva macchine-prassi HSE.<\/p>\n\n\n\n<p>Futuribilmente (e dietro pregressa-estensiva attivit\u00e0 di collaudo interno\/FAT) potr\u00f2 anche valutare prolungate (<strong>comunque max 33% anno<\/strong>)&nbsp;missioni (<strong>una tantum e mirate<\/strong>) nazionali ed estere nelle messe in servizio-avviamenti (progetti greenfield) ed ammodernamenti (progetti brownfield come upgrade, retrofit, revamping, expansions, replacements) per OEMs\/End-User.<\/p>\n\n\n\n<p><strong>**A causa della mia competenza tecnica (da riallineare alle esigenze della propriet\u00e0) per rispettare gli adempimenti HSE non posso da subito accettare incarichi di preposto (anche di fatto), supervisione e coordinamento&nbsp;(in prima persona in campo, cantiere, fabbrica, stabilimento, impianto)&nbsp;di personale tecnico diretto-indiretto**<\/strong><\/p>\n\n\n\n<p>LIMITI PROFESSIONALI ED \u201cHSE\u201d AL MIO OPERATO DIRETTO IN CAMPO (TECNICO-ESECUTIVO)<\/p>\n\n\n\n<p><strong>Lavoro con elevati standard nel travel risks management ed HSE (conosco molto bene anche le pi\u00f9 recenti norme giuridiche e sentenze della Cassazione per i &#8220;preposti designati-di fatto&#8221; e &#8220;delegati vari&#8221; che hanno visto aumentare ulteriormente la loro responsabilit\u00e0 in caso di sinistri) pertanto (al momento) non eseguo e coordino in campo quanto sotto:<\/strong><br><br>* Non sono un meccanico ne un elettrotecnico, ma un perito elettronico industriale (con formazione specifica anche in sistemi di telecomunicazioni ed IT), che ha sempre lavorato (sia esecuzione che gestione lavori-commesse) da programmatore PLC, elettromeccanico, meccatronico ed informatico (OT-Embedded) d&#8217;automazione industriale, pertanto non ho mai eseguito (<strong>mi manca per legge 81\/08 la necessaria formazione, competenza, esperienza, idoneit\u00e0, manualit\u00e0<\/strong>) operazioni meccaniche complesse come montaggi-assemblaggi e relativi allineamenti geometrici (non ho abilitazioni all\u2019uso di muletto, carroponte, gru, piattaforme elevatrici), modifiche strutturali-smontaggi-riparazioni di quadri elettrici, macchine elettriche e componenti meccanici (assemblati, strutture, blocchi oleodinamici), saldature, fissaggi su basamento, lavorazioni meccaniche varie. Tutte queste attivit\u00e0 erano sempre eseguite autonomamente dal team di montatori-attrezzisti meccanici specialisti (come previsto dalle leggi-normative SSL).<br>* Non sono un elettricista ne un cablatore specializzato (<strong>ho per\u00f2 estensiva esperienza diretta nelle complesse e delicate \u201cmodifiche-espansioni elettriche-elettroniche in campo\u201d <strong>di systems integration<\/strong><\/strong> <strong>lato logiche, segnali<\/strong>&nbsp;<strong>per sistemi di supervisione, automazione, controllo, architetture OT, schede\/rack per dispositivi COTS\/Embedded<\/strong>), pertanto i cablaggi completi (<strong>e pi\u00f9 gravosi-pesanti lato installazione fisica<\/strong>) per la realizzazione di nuova quadristica e dei collegamenti di potenza per l\u2019alimentazione di quadri elettrici e azionamenti-motori di grossa taglia (sempre e solo nell\u2019ambito della bassa tensione) erano sempre eseguiti e testati autonomamente dal team di cablatori elettrici specialisti (<strong>*ad ognuno il suo mestiere<\/strong>*).<br>* Non ho mai operato su quadri di distribuzione anche se in bassa tensione (la mia lettura di schemi elettrici unifilari lato distribuzione elettrica \u00e8 limitata).<br>* Non opero direttamente in media tensione (la mia conoscenza \u00e8 elementare a livello teoria ed \u00e8 assolutamente non operativa).<br>* Non opero in altezza, spazi confinati, oltre che nel navale (a meno che il vascello non sia in porto o in dry-dock) ed off-shore (non dispongo di abilitazione BOSIET\/OPITO).<br>* Necessito di ricevere tutti i necessari attestati di formazione, DPI e idoneit\u00e0 tecnica dal datore di lavoro e\/o propriet\u00e0-committente.<br>* Non ho dimestichezza con attrezzature per lavorazioni-aggiustaggi da banco, l\u2019uso del trapano e frese per lavori (anche semplici) di modifica anche sulle carpenterie di quadri elettrici.<br>* Avendo operato principalmente nell\u2019ambito dell\u2019automazione industriale discreta (di fabbrica-impianto) non ho avuto l\u2019occasione di apprendere la lettura di schemi complessi per l\u2019automazione di processo (P&amp;ID, PFD).<br>* Lato schemi oleodinamici e pneumatici, la mia conoscenza \u00e8 limitata alla parte pilotata elettricamente.<\/p>\n\n\n\n<p><strong>Valuto anche missioni (*con tariffe consulenziali e di servizio maggiorate*) in heavily regulated countries, hazardous areas, harsh\/hostile environments, contesti sempre pi\u00f9 comuni per i trasfertisti, a causa della crescita, aggravarsi delle crisi politiche, sanitarie, militari internazionali che richiedono skills ed esperienza comprovata nel travel risks management.<\/strong><\/p>\n\n\n\n<p><strong>Contattatemi anche per interventi consulenziali tecnici e gestionali (sempre e solo di natura intellettuale) su sistemi industriali vintage (anni 80 e 90).<\/strong><\/p>\n\n\n\n<p><strong>Nonostante tale profilo professionale-direzionale non sia pi\u00f9 richiesto dalle aziende, posso ancora operare nel ruolo di <a href=\"http:\/\/smdata-lab.ddns.net\/web\/index.php\/chi-sono-e-competenze\/\">senior temporary-fractional project &amp; service manager<\/a>, anche con forti skills manageriali-esecutivi-operativi nello <a href=\"http:\/\/smdata-lab.ddns.net\/web\/index.php\/consulenze-servizi-operativi-di-sviluppo-commerciale-nazionale-estero-internazionalizzazione-gestione-project-based-project-management-project-control-esecuzione-contratti-servic\/\">sviluppo commerciale dei contratti service industriale (post-vendita, field service)<\/a>.<\/strong><\/p>\n\n\n\n<p><\/p>\n","protected":false},"excerpt":{"rendered":"<p>(*solo per imprese dotate di elevati standard HSE\/SSL, visto che la violazione di una norma di prevenzione infortuni, in Italia, costituisce quasi sempre \u201creato\u201d e non illecito amministrativo*)&nbsp; Questo particolare tipo di collaborazione (necessito preliminarmente di adeguato addestramento-formazione specifica, affinch\u00e8 i miei skills tecnici\/HSE si allineino alle tecnologie utilizzate ed ai progetti realizzati dalla propriet\u00e0) &hellip; <\/p>\n<p class=\"link-more\"><a href=\"http:\/\/smdata-lab.ddns.net\/web\/index.php\/industria-4-0\/\" class=\"more-link\">Leggi tutto<span class=\"screen-reader-text\"> &#8220;Consulenze Tecniche &amp; Gestionali di Natura Intellettuale per Sistemi Industriali Digitali&#8221;<\/span><\/a><\/p>\n","protected":false},"author":1,"featured_media":0,"parent":0,"menu_order":0,"comment_status":"closed","ping_status":"closed","template":"","meta":{"footnotes":""},"class_list":["post-11001","page","type-page","status-publish","hentry"],"_links":{"self":[{"href":"http:\/\/smdata-lab.ddns.net\/web\/index.php\/wp-json\/wp\/v2\/pages\/11001","targetHints":{"allow":["GET"]}}],"collection":[{"href":"http:\/\/smdata-lab.ddns.net\/web\/index.php\/wp-json\/wp\/v2\/pages"}],"about":[{"href":"http:\/\/smdata-lab.ddns.net\/web\/index.php\/wp-json\/wp\/v2\/types\/page"}],"author":[{"embeddable":true,"href":"http:\/\/smdata-lab.ddns.net\/web\/index.php\/wp-json\/wp\/v2\/users\/1"}],"replies":[{"embeddable":true,"href":"http:\/\/smdata-lab.ddns.net\/web\/index.php\/wp-json\/wp\/v2\/comments?post=11001"}],"version-history":[{"count":36,"href":"http:\/\/smdata-lab.ddns.net\/web\/index.php\/wp-json\/wp\/v2\/pages\/11001\/revisions"}],"predecessor-version":[{"id":11105,"href":"http:\/\/smdata-lab.ddns.net\/web\/index.php\/wp-json\/wp\/v2\/pages\/11001\/revisions\/11105"}],"wp:attachment":[{"href":"http:\/\/smdata-lab.ddns.net\/web\/index.php\/wp-json\/wp\/v2\/media?parent=11001"}],"curies":[{"name":"wp","href":"https:\/\/api.w.org\/{rel}","templated":true}]}}